{"id":18196,"date":"2024-04-19T19:21:14","date_gmt":"2024-04-19T17:21:14","guid":{"rendered":"https:\/\/bbqstore.it\/?post_type=product&#038;p=18196"},"modified":"2026-04-22T18:07:57","modified_gmt":"2026-04-22T16:07:57","slug":"negroni-rub-200-gr","status":"publish","type":"product","link":"https:\/\/bbqstore.it\/en\/prodotti\/condimenti\/rubs\/negroni-rub-200-gr\/","title":{"rendered":"Negroni Rub 200 gr."},"content":{"rendered":"<p><strong>Rub<\/strong> a base:<\/p>\n<p>sale, cipolla, arancia buccia polvere, paprika affumicata, pepe granulare, ginepro macinato, zucchero di canna, aglio, coriandolo, artemisia, pepe affumicato, noce moscata, aroma bacon, timo, achillea, pepe di Timut. NON CONTIENE N\u00c9 ALCOL N\u00c9 COLORANTI N\u00c9 CONSERVANTI.<\/p>\n<p>Trasforma le tue ribs di suino in un&#8217;opera d&#8217;arte del BBQ. In questo Cocktail rub, le botaniche del gin BUGIN flirtano con gli aromi del Negroni, offrendo un&#8217;esperienza gustativa irresistibile per gli appassionati del barbecue.<\/p>\n<p>Rendi inimitabili le tue pietanze con un prodotto unico sul mercato che unisce i mondi della mixology e del barbecue!<\/p>\n","protected":false},"excerpt":{"rendered":"<p>Rub a base: sale, cipolla, arancia buccia polvere, paprika affumicata, pepe granulare, ginepro macinato, zucchero di canna, aglio, coriandolo, artemisia, pepe affumicato, noce moscata, aroma bacon, timo, achillea, pepe di Timut. NON CONTIENE N\u00c9 ALCOL N\u00c9 COLORANTI N\u00c9 CONSERVANTI. Trasforma le tue ribs di suino in un&#8217;opera d&#8217;arte del BBQ. In questo Cocktail rub, le [&hellip;]<\/p>\n","protected":false},"featured_media":18235,"template":"","meta":{"_et_pb_use_builder":"","_et_pb_old_content":"","_et_gb_content_width":""},"product_brand":[],"product_cat":[91,116,432],"product_tag":[],"giftcard-category":[],"class_list":{"0":"post-18196","1":"product","2":"type-product","3":"status-publish","4":"has-post-thumbnail","6":"product_cat-condimenti","7":"product_cat-rubs","8":"product_cat-rubs-2","9":"yith_product_brand-bugin","11":"first","12":"instock","13":"taxable","14":"shipping-taxable","15":"purchasable","16":"product-type-simple"},"yoast_head":"<!-- This site is optimized with the Yoast SEO plugin v26.6 - https:\/\/yoast.com\/wordpress\/plugins\/seo\/ -->\n<title>Negroni Rub 200 gr. | Condimenti, Rubs, rubs - BBQ Store<\/title>\n<meta name=\"description\" content=\"Scopri subito Negroni Rub 200 gr., un prodotto per il barbecue che puoi trovare nella nostra selezione di Condimenti, Rubs, rubs\" \/>\n<meta name=\"robots\" content=\"index, follow, max-snippet:-1, max-image-preview:large, max-video-preview:-1\" \/>\n<link rel=\"canonical\" href=\"https:\/\/bbqstore.it\/prodotti\/condimenti\/rubs\/negroni-rub-200-gr\/\" \/>\n<meta property=\"og:locale\" content=\"en_US\" \/>\n<meta property=\"og:type\" content=\"article\" \/>\n<meta property=\"og:title\" content=\"Negroni Rub 200 gr. | Condimenti, Rubs, rubs - BBQ Store\" \/>\n<meta property=\"og:description\" content=\"Scopri subito Negroni Rub 200 gr., un prodotto per il barbecue che puoi trovare nella nostra selezione di Condimenti, Rubs, rubs\" \/>\n<meta property=\"og:url\" content=\"https:\/\/bbqstore.it\/prodotti\/condimenti\/rubs\/negroni-rub-200-gr\/\" \/>\n<meta property=\"og:site_name\" content=\"BBQ Store\" \/>\n<meta property=\"article:modified_time\" content=\"2026-04-22T16:07:57+00:00\" \/>\n<meta property=\"og:image\" content=\"https:\/\/bbqstore.it\/wp-content\/uploads\/2024\/04\/negroni-rub.jpg\" \/>\n\t<meta property=\"og:image:width\" content=\"1080\" \/>\n\t<meta property=\"og:image:height\" content=\"1080\" \/>\n\t<meta property=\"og:image:type\" content=\"image\/jpeg\" \/>\n<meta name=\"twitter:card\" content=\"summary_large_image\" \/>\n<meta name=\"twitter:label1\" content=\"Est. reading time\" \/>\n\t<meta name=\"twitter:data1\" content=\"1 minute\" \/>\n<script type=\"application\/ld+json\" class=\"yoast-schema-graph\">{\"@context\":\"https:\/\/schema.org\",\"@graph\":[{\"@type\":\"WebPage\",\"@id\":\"https:\/\/bbqstore.it\/prodotti\/condimenti\/rubs\/negroni-rub-200-gr\/\",\"url\":\"https:\/\/bbqstore.it\/prodotti\/condimenti\/rubs\/negroni-rub-200-gr\/\",\"name\":\"Negroni Rub 200 gr. | Condimenti, Rubs, rubs - BBQ Store\",\"isPartOf\":{\"@id\":\"https:\/\/bbqstore.it\/#website\"},\"primaryImageOfPage\":{\"@id\":\"https:\/\/bbqstore.it\/prodotti\/condimenti\/rubs\/negroni-rub-200-gr\/#primaryimage\"},\"image\":{\"@id\":\"https:\/\/bbqstore.it\/prodotti\/condimenti\/rubs\/negroni-rub-200-gr\/#primaryimage\"},\"thumbnailUrl\":\"https:\/\/bbqstore.it\/wp-content\/uploads\/2024\/04\/negroni-rub.jpg\",\"datePublished\":\"2024-04-19T17:21:14+00:00\",\"dateModified\":\"2026-04-22T16:07:57+00:00\",\"description\":\"Scopri subito Negroni Rub 200 gr., un prodotto per il barbecue che puoi trovare nella nostra selezione di Condimenti, Rubs, rubs\",\"breadcrumb\":{\"@id\":\"https:\/\/bbqstore.it\/prodotti\/condimenti\/rubs\/negroni-rub-200-gr\/#breadcrumb\"},\"inLanguage\":\"en-US\",\"potentialAction\":[{\"@type\":\"ReadAction\",\"target\":[\"https:\/\/bbqstore.it\/prodotti\/condimenti\/rubs\/negroni-rub-200-gr\/\"]}]},{\"@type\":\"ImageObject\",\"inLanguage\":\"en-US\",\"@id\":\"https:\/\/bbqstore.it\/prodotti\/condimenti\/rubs\/negroni-rub-200-gr\/#primaryimage\",\"url\":\"https:\/\/bbqstore.it\/wp-content\/uploads\/2024\/04\/negroni-rub.jpg\",\"contentUrl\":\"https:\/\/bbqstore.it\/wp-content\/uploads\/2024\/04\/negroni-rub.jpg\",\"width\":1080,\"height\":1080},{\"@type\":\"BreadcrumbList\",\"@id\":\"https:\/\/bbqstore.it\/prodotti\/condimenti\/rubs\/negroni-rub-200-gr\/#breadcrumb\",\"itemListElement\":[{\"@type\":\"ListItem\",\"position\":1,\"name\":\"Home\",\"item\":\"https:\/\/bbqstore.it\/\"},{\"@type\":\"ListItem\",\"position\":2,\"name\":\"Negozio\",\"item\":\"https:\/\/bbqstore.it\/negozio\/\"},{\"@type\":\"ListItem\",\"position\":3,\"name\":\"Negroni Rub 200 gr.\"}]},{\"@type\":\"WebSite\",\"@id\":\"https:\/\/bbqstore.it\/#website\",\"url\":\"https:\/\/bbqstore.it\/\",\"name\":\"BBQ Store\",\"description\":\"Il tuo negozio di Barbecue a Brescia\",\"potentialAction\":[{\"@type\":\"SearchAction\",\"target\":{\"@type\":\"EntryPoint\",\"urlTemplate\":\"https:\/\/bbqstore.it\/?s={search_term_string}\"},\"query-input\":{\"@type\":\"PropertyValueSpecification\",\"valueRequired\":true,\"valueName\":\"search_term_string\"}}],\"inLanguage\":\"en-US\"}]}<\/script>\n<!-- \/ Yoast SEO plugin. -->","yoast_head_json":{"title":"Negroni Rub 200 gr. | Condimenti, Rubs, rubs - BBQ Store","description":"Scopri subito Negroni Rub 200 gr., un prodotto per il barbecue che puoi trovare nella nostra selezione di Condimenti, Rubs, rubs","robots":{"index":"index","follow":"follow","max-snippet":"max-snippet:-1","max-image-preview":"max-image-preview:large","max-video-preview":"max-video-preview:-1"},"canonical":"https:\/\/bbqstore.it\/prodotti\/condimenti\/rubs\/negroni-rub-200-gr\/","og_locale":"en_US","og_type":"article","og_title":"Negroni Rub 200 gr. | Condimenti, Rubs, rubs - BBQ Store","og_description":"Scopri subito Negroni Rub 200 gr., un prodotto per il barbecue che puoi trovare nella nostra selezione di Condimenti, Rubs, rubs","og_url":"https:\/\/bbqstore.it\/prodotti\/condimenti\/rubs\/negroni-rub-200-gr\/","og_site_name":"BBQ Store","article_modified_time":"2026-04-22T16:07:57+00:00","og_image":[{"width":1080,"height":1080,"url":"https:\/\/bbqstore.it\/wp-content\/uploads\/2024\/04\/negroni-rub.jpg","type":"image\/jpeg"}],"twitter_card":"summary_large_image","twitter_misc":{"Est. reading time":"1 minute"},"schema":{"@context":"https:\/\/schema.org","@graph":[{"@type":"WebPage","@id":"https:\/\/bbqstore.it\/prodotti\/condimenti\/rubs\/negroni-rub-200-gr\/","url":"https:\/\/bbqstore.it\/prodotti\/condimenti\/rubs\/negroni-rub-200-gr\/","name":"Negroni Rub 200 gr. | Condimenti, Rubs, rubs - BBQ Store","isPartOf":{"@id":"https:\/\/bbqstore.it\/#website"},"primaryImageOfPage":{"@id":"https:\/\/bbqstore.it\/prodotti\/condimenti\/rubs\/negroni-rub-200-gr\/#primaryimage"},"image":{"@id":"https:\/\/bbqstore.it\/prodotti\/condimenti\/rubs\/negroni-rub-200-gr\/#primaryimage"},"thumbnailUrl":"https:\/\/bbqstore.it\/wp-content\/uploads\/2024\/04\/negroni-rub.jpg","datePublished":"2024-04-19T17:21:14+00:00","dateModified":"2026-04-22T16:07:57+00:00","description":"Scopri subito Negroni Rub 200 gr., un prodotto per il barbecue che puoi trovare nella nostra selezione di Condimenti, Rubs, rubs","breadcrumb":{"@id":"https:\/\/bbqstore.it\/prodotti\/condimenti\/rubs\/negroni-rub-200-gr\/#breadcrumb"},"inLanguage":"en-US","potentialAction":[{"@type":"ReadAction","target":["https:\/\/bbqstore.it\/prodotti\/condimenti\/rubs\/negroni-rub-200-gr\/"]}]},{"@type":"ImageObject","inLanguage":"en-US","@id":"https:\/\/bbqstore.it\/prodotti\/condimenti\/rubs\/negroni-rub-200-gr\/#primaryimage","url":"https:\/\/bbqstore.it\/wp-content\/uploads\/2024\/04\/negroni-rub.jpg","contentUrl":"https:\/\/bbqstore.it\/wp-content\/uploads\/2024\/04\/negroni-rub.jpg","width":1080,"height":1080},{"@type":"BreadcrumbList","@id":"https:\/\/bbqstore.it\/prodotti\/condimenti\/rubs\/negroni-rub-200-gr\/#breadcrumb","itemListElement":[{"@type":"ListItem","position":1,"name":"Home","item":"https:\/\/bbqstore.it\/"},{"@type":"ListItem","position":2,"name":"Negozio","item":"https:\/\/bbqstore.it\/negozio\/"},{"@type":"ListItem","position":3,"name":"Negroni Rub 200 gr."}]},{"@type":"WebSite","@id":"https:\/\/bbqstore.it\/#website","url":"https:\/\/bbqstore.it\/","name":"BBQ Store","description":"Il tuo negozio di Barbecue a Brescia","potentialAction":[{"@type":"SearchAction","target":{"@type":"EntryPoint","urlTemplate":"https:\/\/bbqstore.it\/?s={search_term_string}"},"query-input":{"@type":"PropertyValueSpecification","valueRequired":true,"valueName":"search_term_string"}}],"inLanguage":"en-US"}]}},"_links":{"self":[{"href":"https:\/\/bbqstore.it\/en\/wp-json\/wp\/v2\/product\/18196","targetHints":{"allow":["GET"]}}],"collection":[{"href":"https:\/\/bbqstore.it\/en\/wp-json\/wp\/v2\/product"}],"about":[{"href":"https:\/\/bbqstore.it\/en\/wp-json\/wp\/v2\/types\/product"}],"wp:featuredmedia":[{"embeddable":true,"href":"https:\/\/bbqstore.it\/en\/wp-json\/wp\/v2\/media\/18235"}],"wp:attachment":[{"href":"https:\/\/bbqstore.it\/en\/wp-json\/wp\/v2\/media?parent=18196"}],"wp:term":[{"taxonomy":"product_brand","embeddable":true,"href":"https:\/\/bbqstore.it\/en\/wp-json\/wp\/v2\/product_brand?post=18196"},{"taxonomy":"product_cat","embeddable":true,"href":"https:\/\/bbqstore.it\/en\/wp-json\/wp\/v2\/product_cat?post=18196"},{"taxonomy":"product_tag","embeddable":true,"href":"https:\/\/bbqstore.it\/en\/wp-json\/wp\/v2\/product_tag?post=18196"},{"taxonomy":"giftcard-category","embeddable":true,"href":"https:\/\/bbqstore.it\/en\/wp-json\/wp\/v2\/giftcard-category?post=18196"}],"curies":[{"name":"wp","href":"https:\/\/api.w.org\/{rel}","templated":true}]}}