{"id":17390,"date":"2023-10-13T18:44:02","date_gmt":"2023-10-13T16:44:02","guid":{"rendered":"https:\/\/bbqstore.it\/?post_type=product&#038;p=17390"},"modified":"2026-04-24T10:26:19","modified_gmt":"2026-04-24T08:26:19","slug":"carbone-palo-santo-holy-10kg","status":"publish","type":"product","link":"https:\/\/bbqstore.it\/en\/prodotti\/accessori\/combustibili-affumicatura-e-accessori\/carbone-palo-santo-holy-10kg\/","title":{"rendered":"Carbone Palo Santo Holy 10kg"},"content":{"rendered":"<p>Il\u00a0<strong>carbone Palo Santo HOLY\u00a0<\/strong>\u00e8 il nostro carbone speciale, dalla nota aromatica inconfondibile con sfumature sempre peculiari che conquistano chiunque.<\/p>\n<p>Composto al 100% da legname di\u00a0<strong>Palo Santo\u00a0<\/strong>del Paraguay,\u00a0<strong>HOLY<\/strong>\u00a0\u00e8 amato per il fantastico profumo ma anche per le sue incredibili capacit\u00e0. Questo carbone, infatti, \u00e8 in grado di sprigionare una potenza enorme e di raggiungere temperature altissime, per una durata sorprendente.<br \/>\n\u00c8 un combustibile amato dagli utilizzatori esperti e dai professionisti del settore, ideale per le cotture classiche alla griglia e per arricchire qualsiasi pietanza donandole un sapore unico.<\/p>\n<p><strong>Descrizione<\/strong><\/p>\n<p>Il\u00a0<strong>carbone Palo Santo HOLY<\/strong>\u00a0\u00e8 il pi\u00f9 aromatico della gamma e conferisce alle pietanze sapori straordinari e sfumature sempre nuove. \u00c8 indicato principalmente per gli utilizzatori esperti e i professionisti della griglia che vogliono dare un tocco in pi\u00f9 alle cotture classiche. Si adatta a molteplici utilizzi, tra i quali i forni a carbone Josper, Santa Maria Grills, kamado e affumicatori.<\/p>\n<p><strong>HOLY\u00a0<\/strong>ha origine dal\u00a0<strong>Palo Santo del Paraguay<\/strong>, un legno\u00a0<strong>molto aromatico<\/strong>\u00a0che \u00e8 anche estremamente duro e pesante. Queste caratteristiche conferiscono al suo carbone la capacit\u00e0 di sviluppare\u00a0<strong>temperature elevatissime<\/strong>\u00a0e una notevole durata.<br \/>\nIl\u00a0<strong>carbone Palo Santo\u00a0<\/strong>\u00e8 perci\u00f2 tra i combustibili preferiti dai ristoratori che propongono specialit\u00e0 alla griglia, in quanto assicura potenza e una\u00a0<strong>durata maggiore<\/strong>. Non dovendo pi\u00f9 pensare al rabbocco della griglia durante l\u2019utilizzo, il professionista risparmia tempo e denaro.<\/p>\n<p>Questo carbone per barbecue presenta una\u00a0<strong>pezzatura grande<\/strong>, a favore di durata e costanza di prestazioni. La produzione secondo l\u2019<strong>antico<\/strong>\u00a0<strong>metodo tradizionale<\/strong>\u00a0garantisce l\u2019elevata qualit\u00e0 del prodotto, che viene poi depolverato e depurato da qualsiasi impurit\u00e0.\u00a0<strong>HOLY<\/strong>\u00a0\u00e8 quindi un combustibile\u00a0<strong>100% naturale<\/strong>\u00a0che conserva completamente le sue essenze originali.<\/p>\n<p>Il\u00a0<strong>carbone Palo Santo\u00a0<\/strong>si distingue dagli altri prodotti non solo per le eccezionali prestazioni ma soprattutto per la capacit\u00e0 di arricchire ogni preparazione nel sapore e nel profumo, in modo sorprendente ma equilibrato. Le sue note aromatiche sono\u00a0<strong>l\u2019asso nella manica<\/strong>\u00a0di ogni grigliatore esperto.<\/p>\n","protected":false},"excerpt":{"rendered":"<p>Il\u00a0carbone Palo Santo HOLY\u00a0\u00e8 il nostro carbone speciale, dalla nota aromatica inconfondibile con sfumature sempre peculiari che conquistano chiunque. Composto al 100% da legname di\u00a0Palo Santo\u00a0del Paraguay,\u00a0HOLY\u00a0\u00e8 amato per il fantastico profumo ma anche per le sue incredibili capacit\u00e0. Questo carbone, infatti, \u00e8 in grado di sprigionare una potenza enorme e di raggiungere temperature altissime, [&hellip;]<\/p>\n","protected":false},"featured_media":17419,"template":"","meta":{"_et_pb_use_builder":"","_et_pb_old_content":"","_et_gb_content_width":""},"product_brand":[],"product_cat":[393,146,58],"product_tag":[132,235],"giftcard-category":[],"class_list":{"0":"post-17390","1":"product","2":"type-product","3":"status-publish","4":"has-post-thumbnail","6":"product_cat-carbone","7":"product_cat-combustibili-affumicatura-e-accessori","8":"product_cat-accessori","9":"product_tag-carbone","10":"product_tag-carbone-toro","11":"product_shipping_class-pesanti","12":"yith_product_brand-toro","14":"first","15":"instock","16":"taxable","17":"shipping-taxable","18":"purchasable","19":"product-type-simple"},"yoast_head":"<!-- This site is optimized with the Yoast SEO plugin v26.6 - https:\/\/yoast.com\/wordpress\/plugins\/seo\/ -->\n<title>Carbone Palo Santo Holy 10kg | carbone, Combustibili, affumicatura e accessori, Accessori - BBQ Store<\/title>\n<meta name=\"description\" content=\"Scopri subito Carbone Palo Santo Holy 10kg, un prodotto per il barbecue che puoi trovare nella nostra selezione di carbone, Combustibili, affumicatura e accessori, Accessori\" \/>\n<meta name=\"robots\" content=\"index, follow, max-snippet:-1, max-image-preview:large, max-video-preview:-1\" \/>\n<link rel=\"canonical\" href=\"https:\/\/bbqstore.it\/prodotti\/accessori\/combustibili-affumicatura-e-accessori\/carbone-palo-santo-holy-10kg\/\" \/>\n<meta property=\"og:locale\" content=\"en_US\" \/>\n<meta property=\"og:type\" content=\"article\" \/>\n<meta property=\"og:title\" content=\"Carbone Palo Santo Holy 10kg | carbone, Combustibili, affumicatura e accessori, Accessori - BBQ Store\" \/>\n<meta property=\"og:description\" content=\"Scopri subito Carbone Palo Santo Holy 10kg, un prodotto per il barbecue che puoi trovare nella nostra selezione di carbone, Combustibili, affumicatura e accessori, Accessori\" \/>\n<meta property=\"og:url\" content=\"https:\/\/bbqstore.it\/prodotti\/accessori\/combustibili-affumicatura-e-accessori\/carbone-palo-santo-holy-10kg\/\" \/>\n<meta property=\"og:site_name\" content=\"BBQ Store\" \/>\n<meta property=\"article:modified_time\" content=\"2026-04-24T08:26:19+00:00\" \/>\n<meta property=\"og:image\" content=\"https:\/\/bbqstore.it\/wp-content\/uploads\/2023\/10\/Palo-Santo-Holy-10kg.jpg\" \/>\n\t<meta property=\"og:image:width\" content=\"1080\" \/>\n\t<meta property=\"og:image:height\" content=\"1080\" \/>\n\t<meta property=\"og:image:type\" content=\"image\/jpeg\" \/>\n<meta name=\"twitter:card\" content=\"summary_large_image\" \/>\n<meta name=\"twitter:label1\" content=\"Est. reading time\" \/>\n\t<meta name=\"twitter:data1\" content=\"2 minutes\" \/>\n<script type=\"application\/ld+json\" class=\"yoast-schema-graph\">{\"@context\":\"https:\/\/schema.org\",\"@graph\":[{\"@type\":\"WebPage\",\"@id\":\"https:\/\/bbqstore.it\/prodotti\/accessori\/combustibili-affumicatura-e-accessori\/carbone-palo-santo-holy-10kg\/\",\"url\":\"https:\/\/bbqstore.it\/prodotti\/accessori\/combustibili-affumicatura-e-accessori\/carbone-palo-santo-holy-10kg\/\",\"name\":\"Carbone Palo Santo Holy 10kg | carbone, Combustibili, affumicatura e accessori, Accessori - BBQ Store\",\"isPartOf\":{\"@id\":\"https:\/\/bbqstore.it\/#website\"},\"primaryImageOfPage\":{\"@id\":\"https:\/\/bbqstore.it\/prodotti\/accessori\/combustibili-affumicatura-e-accessori\/carbone-palo-santo-holy-10kg\/#primaryimage\"},\"image\":{\"@id\":\"https:\/\/bbqstore.it\/prodotti\/accessori\/combustibili-affumicatura-e-accessori\/carbone-palo-santo-holy-10kg\/#primaryimage\"},\"thumbnailUrl\":\"https:\/\/bbqstore.it\/wp-content\/uploads\/2023\/10\/Palo-Santo-Holy-10kg.jpg\",\"datePublished\":\"2023-10-13T16:44:02+00:00\",\"dateModified\":\"2026-04-24T08:26:19+00:00\",\"description\":\"Scopri subito Carbone Palo Santo Holy 10kg, un prodotto per il barbecue che puoi trovare nella nostra selezione di carbone, Combustibili, affumicatura e accessori, Accessori\",\"breadcrumb\":{\"@id\":\"https:\/\/bbqstore.it\/prodotti\/accessori\/combustibili-affumicatura-e-accessori\/carbone-palo-santo-holy-10kg\/#breadcrumb\"},\"inLanguage\":\"en-US\",\"potentialAction\":[{\"@type\":\"ReadAction\",\"target\":[\"https:\/\/bbqstore.it\/prodotti\/accessori\/combustibili-affumicatura-e-accessori\/carbone-palo-santo-holy-10kg\/\"]}]},{\"@type\":\"ImageObject\",\"inLanguage\":\"en-US\",\"@id\":\"https:\/\/bbqstore.it\/prodotti\/accessori\/combustibili-affumicatura-e-accessori\/carbone-palo-santo-holy-10kg\/#primaryimage\",\"url\":\"https:\/\/bbqstore.it\/wp-content\/uploads\/2023\/10\/Palo-Santo-Holy-10kg.jpg\",\"contentUrl\":\"https:\/\/bbqstore.it\/wp-content\/uploads\/2023\/10\/Palo-Santo-Holy-10kg.jpg\",\"width\":1080,\"height\":1080},{\"@type\":\"BreadcrumbList\",\"@id\":\"https:\/\/bbqstore.it\/prodotti\/accessori\/combustibili-affumicatura-e-accessori\/carbone-palo-santo-holy-10kg\/#breadcrumb\",\"itemListElement\":[{\"@type\":\"ListItem\",\"position\":1,\"name\":\"Home\",\"item\":\"https:\/\/bbqstore.it\/\"},{\"@type\":\"ListItem\",\"position\":2,\"name\":\"Negozio\",\"item\":\"https:\/\/bbqstore.it\/negozio\/\"},{\"@type\":\"ListItem\",\"position\":3,\"name\":\"Carbone Palo Santo Holy 10kg\"}]},{\"@type\":\"WebSite\",\"@id\":\"https:\/\/bbqstore.it\/#website\",\"url\":\"https:\/\/bbqstore.it\/\",\"name\":\"BBQ Store\",\"description\":\"Il tuo negozio di Barbecue a Brescia\",\"potentialAction\":[{\"@type\":\"SearchAction\",\"target\":{\"@type\":\"EntryPoint\",\"urlTemplate\":\"https:\/\/bbqstore.it\/?s={search_term_string}\"},\"query-input\":{\"@type\":\"PropertyValueSpecification\",\"valueRequired\":true,\"valueName\":\"search_term_string\"}}],\"inLanguage\":\"en-US\"}]}<\/script>\n<!-- \/ Yoast SEO plugin. -->","yoast_head_json":{"title":"Carbone Palo Santo Holy 10kg | carbone, Combustibili, affumicatura e accessori, Accessori - BBQ Store","description":"Scopri subito Carbone Palo Santo Holy 10kg, un prodotto per il barbecue che puoi trovare nella nostra selezione di carbone, Combustibili, affumicatura e accessori, Accessori","robots":{"index":"index","follow":"follow","max-snippet":"max-snippet:-1","max-image-preview":"max-image-preview:large","max-video-preview":"max-video-preview:-1"},"canonical":"https:\/\/bbqstore.it\/prodotti\/accessori\/combustibili-affumicatura-e-accessori\/carbone-palo-santo-holy-10kg\/","og_locale":"en_US","og_type":"article","og_title":"Carbone Palo Santo Holy 10kg | carbone, Combustibili, affumicatura e accessori, Accessori - BBQ Store","og_description":"Scopri subito Carbone Palo Santo Holy 10kg, un prodotto per il barbecue che puoi trovare nella nostra selezione di carbone, Combustibili, affumicatura e accessori, Accessori","og_url":"https:\/\/bbqstore.it\/prodotti\/accessori\/combustibili-affumicatura-e-accessori\/carbone-palo-santo-holy-10kg\/","og_site_name":"BBQ Store","article_modified_time":"2026-04-24T08:26:19+00:00","og_image":[{"width":1080,"height":1080,"url":"https:\/\/bbqstore.it\/wp-content\/uploads\/2023\/10\/Palo-Santo-Holy-10kg.jpg","type":"image\/jpeg"}],"twitter_card":"summary_large_image","twitter_misc":{"Est. reading time":"2 minutes"},"schema":{"@context":"https:\/\/schema.org","@graph":[{"@type":"WebPage","@id":"https:\/\/bbqstore.it\/prodotti\/accessori\/combustibili-affumicatura-e-accessori\/carbone-palo-santo-holy-10kg\/","url":"https:\/\/bbqstore.it\/prodotti\/accessori\/combustibili-affumicatura-e-accessori\/carbone-palo-santo-holy-10kg\/","name":"Carbone Palo Santo Holy 10kg | carbone, Combustibili, affumicatura e accessori, Accessori - BBQ Store","isPartOf":{"@id":"https:\/\/bbqstore.it\/#website"},"primaryImageOfPage":{"@id":"https:\/\/bbqstore.it\/prodotti\/accessori\/combustibili-affumicatura-e-accessori\/carbone-palo-santo-holy-10kg\/#primaryimage"},"image":{"@id":"https:\/\/bbqstore.it\/prodotti\/accessori\/combustibili-affumicatura-e-accessori\/carbone-palo-santo-holy-10kg\/#primaryimage"},"thumbnailUrl":"https:\/\/bbqstore.it\/wp-content\/uploads\/2023\/10\/Palo-Santo-Holy-10kg.jpg","datePublished":"2023-10-13T16:44:02+00:00","dateModified":"2026-04-24T08:26:19+00:00","description":"Scopri subito Carbone Palo Santo Holy 10kg, un prodotto per il barbecue che puoi trovare nella nostra selezione di carbone, Combustibili, affumicatura e accessori, Accessori","breadcrumb":{"@id":"https:\/\/bbqstore.it\/prodotti\/accessori\/combustibili-affumicatura-e-accessori\/carbone-palo-santo-holy-10kg\/#breadcrumb"},"inLanguage":"en-US","potentialAction":[{"@type":"ReadAction","target":["https:\/\/bbqstore.it\/prodotti\/accessori\/combustibili-affumicatura-e-accessori\/carbone-palo-santo-holy-10kg\/"]}]},{"@type":"ImageObject","inLanguage":"en-US","@id":"https:\/\/bbqstore.it\/prodotti\/accessori\/combustibili-affumicatura-e-accessori\/carbone-palo-santo-holy-10kg\/#primaryimage","url":"https:\/\/bbqstore.it\/wp-content\/uploads\/2023\/10\/Palo-Santo-Holy-10kg.jpg","contentUrl":"https:\/\/bbqstore.it\/wp-content\/uploads\/2023\/10\/Palo-Santo-Holy-10kg.jpg","width":1080,"height":1080},{"@type":"BreadcrumbList","@id":"https:\/\/bbqstore.it\/prodotti\/accessori\/combustibili-affumicatura-e-accessori\/carbone-palo-santo-holy-10kg\/#breadcrumb","itemListElement":[{"@type":"ListItem","position":1,"name":"Home","item":"https:\/\/bbqstore.it\/"},{"@type":"ListItem","position":2,"name":"Negozio","item":"https:\/\/bbqstore.it\/negozio\/"},{"@type":"ListItem","position":3,"name":"Carbone Palo Santo Holy 10kg"}]},{"@type":"WebSite","@id":"https:\/\/bbqstore.it\/#website","url":"https:\/\/bbqstore.it\/","name":"BBQ Store","description":"Il tuo negozio di Barbecue a Brescia","potentialAction":[{"@type":"SearchAction","target":{"@type":"EntryPoint","urlTemplate":"https:\/\/bbqstore.it\/?s={search_term_string}"},"query-input":{"@type":"PropertyValueSpecification","valueRequired":true,"valueName":"search_term_string"}}],"inLanguage":"en-US"}]}},"_links":{"self":[{"href":"https:\/\/bbqstore.it\/en\/wp-json\/wp\/v2\/product\/17390","targetHints":{"allow":["GET"]}}],"collection":[{"href":"https:\/\/bbqstore.it\/en\/wp-json\/wp\/v2\/product"}],"about":[{"href":"https:\/\/bbqstore.it\/en\/wp-json\/wp\/v2\/types\/product"}],"wp:featuredmedia":[{"embeddable":true,"href":"https:\/\/bbqstore.it\/en\/wp-json\/wp\/v2\/media\/17419"}],"wp:attachment":[{"href":"https:\/\/bbqstore.it\/en\/wp-json\/wp\/v2\/media?parent=17390"}],"wp:term":[{"taxonomy":"product_brand","embeddable":true,"href":"https:\/\/bbqstore.it\/en\/wp-json\/wp\/v2\/product_brand?post=17390"},{"taxonomy":"product_cat","embeddable":true,"href":"https:\/\/bbqstore.it\/en\/wp-json\/wp\/v2\/product_cat?post=17390"},{"taxonomy":"product_tag","embeddable":true,"href":"https:\/\/bbqstore.it\/en\/wp-json\/wp\/v2\/product_tag?post=17390"},{"taxonomy":"giftcard-category","embeddable":true,"href":"https:\/\/bbqstore.it\/en\/wp-json\/wp\/v2\/giftcard-category?post=17390"}],"curies":[{"name":"wp","href":"https:\/\/api.w.org\/{rel}","templated":true}]}}